{"id":765,"date":"2018-08-31T18:04:19","date_gmt":"2018-08-31T21:04:19","guid":{"rendered":"https:\/\/ifdc2-sgo.infd.edu.ar\/sitio\/autoridades\/"},"modified":"2020-03-25T22:29:26","modified_gmt":"2020-03-26T01:29:26","slug":"autoridades","status":"publish","type":"page","link":"https:\/\/ifdc2-sgo.infd.edu.ar\/sitio\/autoridades\/","title":{"rendered":"Autoridades"},"content":{"rendered":"<p style=\"text-align: center;\"><span style=\"text-decoration: underline;\">CONSEJO ACADEMICO<\/span><\/p>\n<p style=\"text-align: center;\">Prof. Biviana Ene<\/p>\n<p style=\"text-align: center;\">Lic. Patricia Loto<\/p>\n<p style=\"text-align: center;\">Prof. Mercedes G\u00f3mez<\/p>\n<p style=\"text-align: center;\">Prof. Ramona Guti\u00e9rrez<\/p>\n<p style=\"text-align: center;\">Prof. Ra\u00fal Leguizam\u00f3n<\/p>\n<p style=\"text-align: center;\">Prof. Claudia Borelli<\/p>\n<p style=\"text-align: center;\">Prof. Natalia Adzich<\/p>\n<p style=\"text-align: center;\">Prof. Roxana Mansilla<\/p>\n<p style=\"text-align: center;\">Prof. Nelly Budelaci<\/p>\n<p style=\"text-align: center;\">Prof. Mar\u00eda Coronel<\/p>\n<p style=\"text-align: center;\"><span style=\"text-decoration: underline;\">SECRETARIAS<\/span><\/p>\n<p style=\"text-align: center;\">Arq. Gloria Graciela Vagliati<\/p>\n<p style=\"text-align: center;\"><span style=\"text-decoration: underline;\">JEFE DE SECCION ALUMNOS<\/span><\/p>\n<p style=\"text-align: center;\">Prof. Marta Sandoval<\/p>\n<p style=\"text-align: center;\"><span style=\"text-decoration: underline;\">BEDELES<\/span><\/p>\n<p style=\"text-align: center;\">Prof. Marcela Correa<\/p>\n<p style=\"text-align: center;\">Prof. Julio Nieva<\/p>\n<p style=\"text-align: center;\">Prof. Vanesa Gomez<\/p>\n<p style=\"text-align: center;\">Prof. Maria de los Angeles Jaimerena<\/p>\n<p style=\"text-align: center;\"><span style=\"text-decoration: underline;\">AUXILIARES DE SECRETARIA<\/span><\/p>\n<p style=\"text-align: center;\">Prof. Gisella Chavez<\/p>\n<p style=\"text-align: center;\">Prof. Karina Lazarte<\/p>\n<p style=\"text-align: center;\">Prof. Ivana Galvan<\/p>\n<p style=\"text-align: center;\"><span style=\"text-decoration: underline;\">BIBLIOTECARIO<\/span><\/p>\n<p style=\"text-align: center;\">Prof. Germ\u00e1n Soria<\/p>\n<p style=\"text-align: center;\"><span style=\"text-decoration: underline;\">TUTORA INSTITUCIONAL<\/span><\/p>\n<p style=\"text-align: center;\">Prof. M\u00f3nica Juarez<\/p>\n<p style=\"text-align: center;\"><span style=\"text-decoration: underline;\">COORDINADORES<\/span><\/p>\n<p style=\"text-align: center;\">Lic. Gabriela Ise (GSP)<\/p>\n<p style=\"text-align: center;\">Asist. Soc. Nancy Osorio (GSP<\/p>\n","protected":false},"excerpt":{"rendered":"<p>CONSEJO ACADEMICO Prof. Biviana Ene Lic. Patricia Loto Prof. Mercedes G\u00f3mez Prof. Ramona Guti\u00e9rrez Prof. Ra\u00fal Leguizam\u00f3n Prof. Claudia Borelli Prof. Natalia Adzich Prof. Roxana Mansilla Prof. Nelly Budelaci Prof. Mar\u00eda Coronel SECRETARIAS Arq. Gloria Graciela Vagliati JEFE DE SECCION ALUMNOS Prof. Marta Sandoval BEDELES Prof. Marcela Correa Prof. Julio Nieva Prof. Vanesa Gomez Prof. &#8230; <a title=\"Autoridades\" class=\"read-more\" href=\"https:\/\/ifdc2-sgo.infd.edu.ar\/sitio\/autoridades\/\" aria-label=\"More on Autoridades\">[+]<\/a><\/p>\n","protected":false},"author":7,"featured_media":0,"parent":0,"menu_order":0,"comment_status":"closed","ping_status":"closed","template":"","meta":[],"acf":[],"_links":{"self":[{"href":"https:\/\/ifdc2-sgo.infd.edu.ar\/sitio\/wp-json\/wp\/v2\/pages\/765"}],"collection":[{"href":"https:\/\/ifdc2-sgo.infd.edu.ar\/sitio\/wp-json\/wp\/v2\/pages"}],"about":[{"href":"https:\/\/ifdc2-sgo.infd.edu.ar\/sitio\/wp-json\/wp\/v2\/types\/page"}],"author":[{"embeddable":true,"href":"https:\/\/ifdc2-sgo.infd.edu.ar\/sitio\/wp-json\/wp\/v2\/users\/7"}],"replies":[{"embeddable":true,"href":"https:\/\/ifdc2-sgo.infd.edu.ar\/sitio\/wp-json\/wp\/v2\/comments?post=765"}],"version-history":[{"count":2,"href":"https:\/\/ifdc2-sgo.infd.edu.ar\/sitio\/wp-json\/wp\/v2\/pages\/765\/revisions"}],"predecessor-version":[{"id":814,"href":"https:\/\/ifdc2-sgo.infd.edu.ar\/sitio\/wp-json\/wp\/v2\/pages\/765\/revisions\/814"}],"wp:attachment":[{"href":"https:\/\/ifdc2-sgo.infd.edu.ar\/sitio\/wp-json\/wp\/v2\/media?parent=765"}],"curies":[{"name":"wp","href":"https:\/\/api.w.org\/{rel}","templated":true}]}}